{"id":1082,"date":"2020-06-02T23:40:11","date_gmt":"2020-06-02T23:40:11","guid":{"rendered":"https:\/\/www.operatecangola.com\/site\/?page_id=1082"},"modified":"2025-01-27T22:25:46","modified_gmt":"2025-01-27T22:25:46","slug":"who-we-are","status":"publish","type":"page","link":"https:\/\/www.operatecangola.com\/site\/who-we-are\/","title":{"rendered":"WHO WE ARE"},"content":{"rendered":"\n<section class=\"wp-block-uagb-section uagb-section__wrap uagb-section__background-color uagb-block-fc58f13e\"><div class=\"uagb-section__overlay\"><\/div><div class=\"uagb-section__inner-wrap\">\n<p><\/p>\n\n\n\n<p><\/p>\n<\/div><\/section>\n\n\n\n<section class=\"wp-block-uagb-section uagb-section__wrap uagb-section__background-image uagb-block-194cc62e\"><div class=\"uagb-section__overlay\"><\/div><div class=\"uagb-section__inner-wrap\">\n<h2 class=\"wp-block-heading has-text-align-center has-very-light-gray-color has-text-color\"><strong><strong>ABOUT US<\/strong><\/strong><\/h2>\n<\/div><\/section>\n\n\n\n<section class=\"wp-block-uagb-section uagb-section__wrap uagb-section__background-none uagb-block-9decc4c3\"><div class=\"uagb-section__overlay\"><\/div><div class=\"uagb-section__inner-wrap\">\n<div class=\"inherit-container-width wp-block-group is-layout-constrained wp-block-group-is-layout-constrained\"><div class=\"wp-block-group__inner-container\">\n<p>OPERATEC \u2013 ENGINEERING &amp; SERVICES, LDA was founded in March, 1996 by Mr. Terry Ray and a group of local Angolan partners, initially to assist in the development and execution of infrastructure projects in Angola. The company has participated in many notable projects throughout Angola in addition to being the first to import buses, heavy vehicles and equipment.<\/p>\n\n\n\n<p>Through the years the company has built a reputation as a reliable and innovative company, achieving the recognition as a solution service provider for local subsea oil and gas industry. Operatec\u2019s management team has expertise in the following areas:&nbsp; drilling management, engineering, HSE and dispatch\/logistics personnel services to major oil and gas producers, oil field IRM (Inspection Repair and Maintenance) commercial diving services and material supplier solutions.<\/p>\n\n\n\n<p>Commercial Diving in oilfields is one of our main activities and we currently have a long-term contract with Chevron (since 2009) for the provision of Dive Services for offshore platforms \/ pipeline abandonment, inspection and maintenance programs and offshore sea terminal operations. To support dive operations, our dive team has used two IMCA surface diving (D037) mixed gas spreads in full-time use at the Malongo concession and the Ullswater SOV. Saturation Diving Vessels were used in this contract.<\/p>\n\n\n\n<p>As a group looking for innovative solutions, in June 2010, OPERATEC \u2013 Engineering &amp; Services, LDA acquired a plot of land in Cabinda Province to develop the Offshore Marine Industrial Training Center (OMITC) to provide offshore industrial and maritime survival training and operates as a complete OPITO-recognized training center for chevron&#8217;s independent service and support personnel and support personnel and any people working offshore.<\/p>\n\n\n\n<p>Recently, we started 2 new divisions in H2S\/HAR &#8211; high-angle services and confined space to provide on-board services for offshore production and drilling units and a SVMRS &#8211; Subsea vessel maintenance and repair services that provides survey, maintenance and repair for vessels, port and construction segments<\/p>\n<\/div><\/div>\n\n\n\n<p>Operatec has&nbsp; a staff&nbsp; strength of&nbsp; more&nbsp; than&nbsp; 300 employees, of which 74% are national.<\/p>\n\n\n\n<div class=\"wp-block-columns is-layout-flex wp-container-core-columns-is-layout-1 wp-block-columns-is-layout-flex\">\n<div class=\"wp-block-column is-layout-flow wp-block-column-is-layout-flow\">\n<div id=\"gm7fefb25\" class=\"wp-block-gutentor-m1 section-gm7fefb25 gutentor-module gutentor-element-button-group g-btn-horizontal-d g-btn-horizontal-t g-btn-horizontal-m\"><div class=\"gutentor-element-button-group-wrap\">\n<div id=\"section-g3cbc5c\" class=\"wp-block-gutentor-e2 section-g3cbc5c gutentor-element gutentor-element-button\"><span class=\"gutentor-button-wrap\"><a class=\"gutentor-button gutentor-block-button gutentor-icon-after\" href=\"https:\/\/www.operatecangola.com\/site\/wp-content\/uploads\/2025\/01\/Organigrama-OPERATEC-Engenharia-Servicos-Lda.pdf\" target=\"_blank\" rel=\" noopener noreferrer\"><i class=\"gutentor-button-icon fas fa-file-pdf\"><\/i><span>ORGANIGRAMA PT<\/span><\/a><\/span><\/div>\n\n\n\n<div id=\"section-g09d822\" class=\"wp-block-gutentor-e2 section-g09d822 gutentor-element gutentor-element-button\"><span class=\"gutentor-button-wrap\"><a class=\"gutentor-button gutentor-block-button gutentor-icon-after\" href=\"https:\/\/www.operatecangola.com\/site\/wp-content\/uploads\/2025\/01\/Organigram-OPERATEC-Engenharia-Servicos-Lda.pdf\"><i class=\"gutentor-button-icon fas fa-file-pdf\"><\/i><span>ORGANIZATION CHART EN<\/span><\/a><\/span><\/div>\n<\/div><\/div>\n\n\n\n<div style=\"height:38px\" aria-hidden=\"true\" class=\"wp-block-spacer\"><\/div>\n<\/div>\n<\/div>\n\n\n\n<h4 class=\"wp-block-heading\"><strong>ACHIEVEMENTS<\/strong><\/h4>\n\n\n\n<div style=\"margin-top:var(--wp--preset--spacing--30);margin-bottom:var(--wp--preset--spacing--30);height:16px\" aria-hidden=\"true\" class=\"wp-block-spacer\"><\/div>\n\n\n\n<div class=\"inherit-container-width wp-block-group is-layout-constrained wp-block-group-is-layout-constrained\"><div class=\"wp-block-group__inner-container\">\n<ul class=\"wp-block-list\">\n<li>Minist\u00e9rio dos Recursos Minerais e Petr\u00f3leos:&nbsp;Supplier of services and supplier of the petroleum sector according to Decree no. 48\/06 of September 1 (2006).<\/li>\n\n\n\n<li>ISO 9001: 2015:&nbsp;&nbsp;Certification assignment for temporary assignment of specialized labor for petroleum activity, including sea workers. Certified by Bureau Veritas.<\/li>\n\n\n\n<li>C\u00e2mara de Com\u00e9rcio e Ind\u00fastria de Angola \u2013 CAE:&nbsp;Pre-qualified to provide services and supply of products to the Oil Industry in Angola.<\/li>\n\n\n\n<li>IMPA&nbsp;\u2013 Instituto Mar\u00edtimo Portu\u00e1rio de Angola.<\/li>\n<\/ul>\n<\/div><\/div>\n\n\n\n<div class=\"wp-block-uagb-info-box uagb-block-6bd5ff04 uagb-infobox__content-wrap  uagb-infobox-icon-left uagb-infobox-left uagb-infobox-stacked-tablet uagb-infobox-image-valign-top\"><div class=\"uagb-ifb-image-content\"><img decoding=\"async\" src=\"https:\/\/www.operatecangola.com\/site\/wp-content\/uploads\/2020\/07\/bido.gif\" alt=\"\" width=\"120\" height=\"46\" loading=\"lazy\"\/><\/div><div class=\"uagb-ifb-content\"><div class=\"uagb-ifb-title-wrap\"><\/div><p class=\"uagb-ifb-desc\">                  The Business Initiative Directions (B.I.D)&nbsp;\u2013 is an organization that is based on strict principles for the distinction of its laureates, supported the comprehensive quality processes through the technology and procedures of the QC100 model of Total Quality Management.<br>&nbsp; \u2013 Geneva 2012, Gold category<br>&nbsp; \u2013 Paris 2013, Platinum category<br>&nbsp; \u2013 Frankfurt 2014, Diamond category<\/p><\/div><\/div>\n\n\n\n<div class=\"wp-block-uagb-info-box uagb-block-fe27422a uagb-infobox__content-wrap  uagb-infobox-icon-left uagb-infobox-left uagb-infobox-stacked-tablet uagb-infobox-image-valign-top\"><div class=\"uagb-ifb-image-content\"><img decoding=\"async\" src=\"https:\/\/www.operatecangola.com\/site\/wp-content\/uploads\/2020\/07\/esqr.png\" alt=\"\" width=\"120\" height=\"66\" loading=\"lazy\"\/><\/div><div class=\"uagb-ifb-content\"><div class=\"uagb-ifb-title-wrap\"><\/div><p class=\"uagb-ifb-desc\">                 The European Society for Quality Research (ESQR)&nbsp;\u2013 is an organization that promotes quality awareness, recognizes good business practices, technological innovation and the success of quality materials in organizations. Honors and distinguishes business results from companies that have implemented quality best practices in providing services to the oil and gas industry, raising awareness of the importance of service quality and the successes achieved by companies in regional and global markets<br>&nbsp; &#8211; London 2015, Platinum category.Op<\/p><\/div><\/div>\n<\/div><\/section>\n\n\n\n<div style=\"height:100px\" aria-hidden=\"true\" class=\"wp-block-spacer\"><\/div>\n\n\n\n<section class=\"wp-block-uagb-section uagb-section__wrap uagb-section__background-color uagb-block-406587ef\"><div class=\"uagb-section__overlay\"><\/div><div class=\"uagb-section__inner-wrap\">\n<div class=\"wp-block-columns has-4-columns is-layout-flex wp-container-core-columns-is-layout-2 wp-block-columns-is-layout-flex\">\n<div class=\"wp-block-column is-layout-flow wp-block-column-is-layout-flow\">\n<h5 class=\"wp-block-heading has-very-light-gray-color has-text-color\">Social networks<\/h5>\n\n\n\n<ul class=\"wp-block-social-links is-layout-flex wp-block-social-links-is-layout-flex\"><li class=\"wp-social-link wp-social-link-facebook  wp-block-social-link\"><a href=\"https:\/\/web.facebook.com\/operatecengenharia\" class=\"wp-block-social-link-anchor\"><svg width=\"24\" height=\"24\" viewBox=\"0 0 24 24\" version=\"1.1\" xmlns=\"http:\/\/www.w3.org\/2000\/svg\" aria-hidden=\"true\" focusable=\"false\"><path d=\"M12 2C6.5 2 2 6.5 2 12c0 5 3.7 9.1 8.4 9.9v-7H7.9V12h2.5V9.8c0-2.5 1.5-3.9 3.8-3.9 1.1 0 2.2.2 2.2.2v2.5h-1.3c-1.2 0-1.6.8-1.6 1.6V12h2.8l-.4 2.9h-2.3v7C18.3 21.1 22 17 22 12c0-5.5-4.5-10-10-10z\"><\/path><\/svg><span class=\"wp-block-social-link-label screen-reader-text\">Facebook<\/span><\/a><\/li>\n\n<li class=\"wp-social-link wp-social-link-twitter  wp-block-social-link\"><a href=\"https:\/\/twitter.com\/operatec\" class=\"wp-block-social-link-anchor\"><svg width=\"24\" height=\"24\" viewBox=\"0 0 24 24\" version=\"1.1\" xmlns=\"http:\/\/www.w3.org\/2000\/svg\" aria-hidden=\"true\" focusable=\"false\"><path d=\"M22.23,5.924c-0.736,0.326-1.527,0.547-2.357,0.646c0.847-0.508,1.498-1.312,1.804-2.27 c-0.793,0.47-1.671,0.812-2.606,0.996C18.324,4.498,17.257,4,16.077,4c-2.266,0-4.103,1.837-4.103,4.103 c0,0.322,0.036,0.635,0.106,0.935C8.67,8.867,5.647,7.234,3.623,4.751C3.27,5.357,3.067,6.062,3.067,6.814 c0,1.424,0.724,2.679,1.825,3.415c-0.673-0.021-1.305-0.206-1.859-0.513c0,0.017,0,0.034,0,0.052c0,1.988,1.414,3.647,3.292,4.023 c-0.344,0.094-0.707,0.144-1.081,0.144c-0.264,0-0.521-0.026-0.772-0.074c0.522,1.63,2.038,2.816,3.833,2.85 c-1.404,1.1-3.174,1.756-5.096,1.756c-0.331,0-0.658-0.019-0.979-0.057c1.816,1.164,3.973,1.843,6.29,1.843 c7.547,0,11.675-6.252,11.675-11.675c0-0.178-0.004-0.355-0.012-0.531C20.985,7.47,21.68,6.747,22.23,5.924z\"><\/path><\/svg><span class=\"wp-block-social-link-label screen-reader-text\">Twitter<\/span><\/a><\/li>\n\n\n\n<li class=\"wp-social-link wp-social-link-linkedin  wp-block-social-link\"><a href=\"https:\/\/www.linkedin.com\/company\/operatec-lda\" class=\"wp-block-social-link-anchor\"><svg width=\"24\" height=\"24\" viewBox=\"0 0 24 24\" version=\"1.1\" xmlns=\"http:\/\/www.w3.org\/2000\/svg\" aria-hidden=\"true\" focusable=\"false\"><path d=\"M19.7,3H4.3C3.582,3,3,3.582,3,4.3v15.4C3,20.418,3.582,21,4.3,21h15.4c0.718,0,1.3-0.582,1.3-1.3V4.3 C21,3.582,20.418,3,19.7,3z M8.339,18.338H5.667v-8.59h2.672V18.338z M7.004,8.574c-0.857,0-1.549-0.694-1.549-1.548 c0-0.855,0.691-1.548,1.549-1.548c0.854,0,1.547,0.694,1.547,1.548C8.551,7.881,7.858,8.574,7.004,8.574z M18.339,18.338h-2.669 v-4.177c0-0.996-0.017-2.278-1.387-2.278c-1.389,0-1.601,1.086-1.601,2.206v4.249h-2.667v-8.59h2.559v1.174h0.037 c0.356-0.675,1.227-1.387,2.526-1.387c2.703,0,3.203,1.779,3.203,4.092V18.338z\"><\/path><\/svg><span class=\"wp-block-social-link-label screen-reader-text\">LinkedIn<\/span><\/a><\/li>\n\n<li class=\"wp-social-link wp-social-link-youtube  wp-block-social-link\"><a href=\"https:\/\/www.youtube.com\/watch?v=SfFS3e0mPPg\" class=\"wp-block-social-link-anchor\"><svg width=\"24\" height=\"24\" viewBox=\"0 0 24 24\" version=\"1.1\" xmlns=\"http:\/\/www.w3.org\/2000\/svg\" aria-hidden=\"true\" focusable=\"false\"><path d=\"M21.8,8.001c0,0-0.195-1.378-0.795-1.985c-0.76-0.797-1.613-0.801-2.004-0.847c-2.799-0.202-6.997-0.202-6.997-0.202 h-0.009c0,0-4.198,0-6.997,0.202C4.608,5.216,3.756,5.22,2.995,6.016C2.395,6.623,2.2,8.001,2.2,8.001S2,9.62,2,11.238v1.517 c0,1.618,0.2,3.237,0.2,3.237s0.195,1.378,0.795,1.985c0.761,0.797,1.76,0.771,2.205,0.855c1.6,0.153,6.8,0.201,6.8,0.201 s4.203-0.006,7.001-0.209c0.391-0.047,1.243-0.051,2.004-0.847c0.6-0.607,0.795-1.985,0.795-1.985s0.2-1.618,0.2-3.237v-1.517 C22,9.62,21.8,8.001,21.8,8.001z M9.935,14.594l-0.001-5.62l5.404,2.82L9.935,14.594z\"><\/path><\/svg><span class=\"wp-block-social-link-label screen-reader-text\">YouTube<\/span><\/a><\/li><\/ul>\n\n\n\n<p><\/p>\n<\/div>\n\n\n\n<div class=\"wp-block-column is-layout-flow wp-block-column-is-layout-flow\">\n<h5 class=\"wp-block-heading has-very-light-gray-color has-text-color\">CONTACT US<\/h5>\n\n\n\n<ul class=\"wp-block-list\">\n<li><mark style=\"background-color:rgba(0, 0, 0, 0)\" class=\"has-inline-color has-very-light-gray-color\">OPERATEC-Engenharia &amp; Servi\u00e7os, LDA <\/mark><\/li>\n\n\n\n<li><mark style=\"background-color:rgba(0, 0, 0, 0)\" class=\"has-inline-color has-very-light-gray-color\">Bairro Vila Verde Kativa, Q2, Sequele \/ Luanda-Angola<\/mark><\/li>\n\n\n\n<li><mark style=\"background-color:rgba(0, 0, 0, 0)\" class=\"has-inline-color has-very-light-gray-color\">+244 939 497894 \/ 918 734 470<\/mark><\/li>\n\n\n\n<li><mark style=\"background-color:rgba(0, 0, 0, 0)\" class=\"has-inline-color has-very-light-gray-color\">info@operatecangola.com<\/mark><\/li>\n<\/ul>\n\n\n\n<div id=\"section-g92a10d\" class=\"wp-block-gutentor-e2 section-g92a10d gutentor-element gutentor-element-button\"><span class=\"gutentor-button-wrap\"><a class=\"gutentor-button gutentor-block-button gutentor-icon-hide\" href=\"\/site\/oil-field-diving\"><i class=\"gutentor-button-icon fas fa-book\"><\/i><span>Commercial Diving Contacts<\/span><\/a><\/span><\/div>\n<\/div>\n<\/div>\n\n\n\n<div style=\"height:30px\" aria-hidden=\"true\" class=\"wp-block-spacer\"><\/div>\n\n\n\n<div style=\"height:20px\" aria-hidden=\"true\" class=\"wp-block-spacer\"><\/div>\n\n\n\n<p><\/p>\n<\/div><\/section>\n","protected":false},"excerpt":{"rendered":"","protected":false},"author":1,"featured_media":0,"parent":0,"menu_order":0,"comment_status":"closed","ping_status":"closed","template":"","meta":{"_uag_custom_page_level_css":"","site-sidebar-layout":"no-sidebar","site-content-layout":"page-builder","ast-site-content-layout":"full-width-container","site-content-style":"unboxed","site-sidebar-style":"unboxed","ast-global-header-display":"","ast-banner-title-visibility":"","ast-main-header-display":"","ast-hfb-above-header-display":"","ast-hfb-below-header-display":"","ast-hfb-mobile-header-display":"","site-post-title":"disabled","ast-breadcrumbs-content":"","ast-featured-img":"disabled","footer-sml-layout":"","theme-transparent-header-meta":"enabled","adv-header-id-meta":"","stick-header-meta":"","header-above-stick-meta":"","header-main-stick-meta":"","header-below-stick-meta":"","astra-migrate-meta-layouts":"set","ast-page-background-enabled":"default","ast-page-background-meta":{"desktop":{"background-color":"","background-image":"","background-repeat":"repeat","background-position":"center center","background-size":"auto","background-attachment":"scroll","background-type":"","background-media":"","overlay-type":"","overlay-color":"","overlay-opacity":"","overlay-gradient":""},"tablet":{"background-color":"","background-image":"","background-repeat":"repeat","background-position":"center center","background-size":"auto","background-attachment":"scroll","background-type":"","background-media":"","overlay-type":"","overlay-color":"","overlay-opacity":"","overlay-gradient":""},"mobile":{"background-color":"","background-image":"","background-repeat":"repeat","background-position":"center center","background-size":"auto","background-attachment":"scroll","background-type":"","background-media":"","overlay-type":"","overlay-color":"","overlay-opacity":"","overlay-gradient":""}},"ast-content-background-meta":{"desktop":{"background-color":"var(--ast-global-color-5)","background-image":"","background-repeat":"repeat","background-position":"center center","background-size":"auto","background-attachment":"scroll","background-type":"","background-media":"","overlay-type":"","overlay-color":"","overlay-opacity":"","overlay-gradient":""},"tablet":{"background-color":"var(--ast-global-color-5)","background-image":"","background-repeat":"repeat","background-position":"center center","background-size":"auto","background-attachment":"scroll","background-type":"","background-media":"","overlay-type":"","overlay-color":"","overlay-opacity":"","overlay-gradient":""},"mobile":{"background-color":"var(--ast-global-color-5)","background-image":"","background-repeat":"repeat","background-position":"center center","background-size":"auto","background-attachment":"scroll","background-type":"","background-media":"","overlay-type":"","overlay-color":"","overlay-opacity":"","overlay-gradient":""}},"footnotes":""},"class_list":["post-1082","page","type-page","status-publish","hentry"],"uagb_featured_image_src":{"full":false,"thumbnail":false,"medium":false,"medium_large":false,"large":false,"1536x1536":false,"2048x2048":false},"uagb_author_info":{"display_name":"operatec","author_link":"https:\/\/www.operatecangola.com\/site\/author\/operatec\/"},"uagb_comment_info":0,"uagb_excerpt":null,"_links":{"self":[{"href":"https:\/\/www.operatecangola.com\/site\/wp-json\/wp\/v2\/pages\/1082","targetHints":{"allow":["GET"]}}],"collection":[{"href":"https:\/\/www.operatecangola.com\/site\/wp-json\/wp\/v2\/pages"}],"about":[{"href":"https:\/\/www.operatecangola.com\/site\/wp-json\/wp\/v2\/types\/page"}],"author":[{"embeddable":true,"href":"https:\/\/www.operatecangola.com\/site\/wp-json\/wp\/v2\/users\/1"}],"replies":[{"embeddable":true,"href":"https:\/\/www.operatecangola.com\/site\/wp-json\/wp\/v2\/comments?post=1082"}],"version-history":[{"count":45,"href":"https:\/\/www.operatecangola.com\/site\/wp-json\/wp\/v2\/pages\/1082\/revisions"}],"predecessor-version":[{"id":2611,"href":"https:\/\/www.operatecangola.com\/site\/wp-json\/wp\/v2\/pages\/1082\/revisions\/2611"}],"wp:attachment":[{"href":"https:\/\/www.operatecangola.com\/site\/wp-json\/wp\/v2\/media?parent=1082"}],"curies":[{"name":"wp","href":"https:\/\/api.w.org\/{rel}","templated":true}]}}